{"id":25,"date":"2016-10-21T11:05:54","date_gmt":"2016-10-21T11:05:54","guid":{"rendered":"http:\/\/vv2751.at\/?page_id=25"},"modified":"2022-12-16T19:10:50","modified_gmt":"2022-12-16T18:10:50","slug":"neu-im-dorf","status":"publish","type":"page","link":"https:\/\/vv2751.at\/index.php\/neu-im-dorf\/","title":{"rendered":"Neu im Dorf"},"content":{"rendered":"<div id=\"container_main\" class=\"j51contain\">\n<div class=\"wrapper960\">\n<div id=\"main\" class=\"block_holder\">\n<div id=\"content_full\" class=\"side_margins\">\n<div class=\"maincontent\">\n<div class=\"item-page\">\n<p>Der Versch\u00f6nerungsverein Steinabr\u00fcckl-Heideansiedlung (VV) besteht aus B\u00fcrgern, die sich in ihrer Freizeit f\u00fcr ihren Ort engagieren. Sie kommen aus allen Bev\u00f6lkerungsschichten und der VV ist politisch v\u00f6llig neutral.<br \/>\nF\u00fcr neu Hinzugezogene ist das eine M\u00f6glichkeit, nette Leute aus dem ganzen Ort kennenzulernen und viel \u00fcber ihre neue Heimatgemeinde (historisch und aktuell) zu erfahren.<br \/>\n<strong>Angebote \u00fcber Infrastruktur<\/strong> (z.B. Kindergarten, Schulen, Einkaufsm\u00f6glichkeiten, Gemeindeservice, Gemeinde\u00e4rztin\/-arzt) bzw. welche <strong>Veranstaltungsangebote<\/strong> im Bereich Bildung, Kultur und Freizeit es in der Gemeinde gibt, erfahren Sie in der<br \/>\n\u2022&nbsp;&nbsp; &nbsp;B\u00fcrgerservicestelle Steinabr\u00fcckl, Hauptstra\u00dfe 11, Tel.: 02633 \/ 43 000 bzw. auf der <a href=\"http:\/\/woellersdorf-steinabrueckl.riskommunal.net\/system\/web\/sprechzeiten.aspx?menuonr=221464879\" target=\"_blank\" rel=\"noopener\">Homepage der Gemeinde<\/a><br \/>\n\u2022&nbsp;&nbsp; &nbsp;f\u00fcr Heideansiedlung-Spezifika wendet man sich am besten an die B\u00fcrgerservicestelle Wiener Neustadt, Neuklosterplatz 1, Tel: 02622 \/ 373 &#8211; 180, allgemeine Informationen findet man auf der <a href=\"http:\/\/www.wiener-neustadt.gv.at\/\" target=\"_blank\" rel=\"noopener\">Homepage der Stadt<\/a><\/p>\n<\/div>\n<\/div>\n<\/div>\n<div class=\"clear\">&nbsp;<\/div>\n<\/div>\n<div class=\"clear\">&nbsp;<\/div>\n<\/div>\n<\/div>\n<div id=\"container_bottom_modules\" class=\"j51contain\">&nbsp;<\/div>\n","protected":false},"excerpt":{"rendered":"<p>Der Versch\u00f6nerungsverein Steinabr\u00fcckl-Heideansiedlung (VV) besteht aus B\u00fcrgern, die sich in ihrer Freizeit f\u00fcr ihren Ort engagieren. Sie kommen aus allen Bev\u00f6lkerungsschichten und der VV ist politisch v\u00f6llig neutral. F\u00fcr neu Hinzugezogene ist das eine M\u00f6glichkeit, nette Leute aus dem ganzen Ort kennenzulernen und viel \u00fcber ihre neue Heimatgemeinde (historisch und aktuell) zu erfahren. Angebote \u00fcber [&hellip;]<\/p>\n","protected":false},"author":1,"featured_media":0,"parent":0,"menu_order":0,"comment_status":"closed","ping_status":"closed","template":"","meta":{"ngg_post_thumbnail":0},"yoast_head":"<!-- This site is optimized with the Yoast SEO plugin v20.2.1 - https:\/\/yoast.com\/wordpress\/plugins\/seo\/ -->\n<title>Neu im Dorf - Versch\u00f6nerungsverein<\/title>\n<meta name=\"robots\" content=\"index, follow, max-snippet:-1, max-image-preview:large, max-video-preview:-1\" \/>\n<link rel=\"canonical\" href=\"https:\/\/vv2751.at\/index.php\/neu-im-dorf\/\" \/>\n<meta property=\"og:locale\" content=\"de_DE\" \/>\n<meta property=\"og:type\" content=\"article\" \/>\n<meta property=\"og:title\" content=\"Neu im Dorf - Versch\u00f6nerungsverein\" \/>\n<meta property=\"og:description\" content=\"Der Versch\u00f6nerungsverein Steinabr\u00fcckl-Heideansiedlung (VV) besteht aus B\u00fcrgern, die sich in ihrer Freizeit f\u00fcr ihren Ort engagieren. Sie kommen aus allen Bev\u00f6lkerungsschichten und der VV ist politisch v\u00f6llig neutral. F\u00fcr neu Hinzugezogene ist das eine M\u00f6glichkeit, nette Leute aus dem ganzen Ort kennenzulernen und viel \u00fcber ihre neue Heimatgemeinde (historisch und aktuell) zu erfahren. Angebote \u00fcber [&hellip;]\" \/>\n<meta property=\"og:url\" content=\"https:\/\/vv2751.at\/index.php\/neu-im-dorf\/\" \/>\n<meta property=\"og:site_name\" content=\"Versch\u00f6nerungsverein\" \/>\n<meta property=\"article:publisher\" content=\"https:\/\/www.facebook.com\/search\/top?q=verschnerungsvereinsteinabrcklheideansiedlung\" \/>\n<meta property=\"article:modified_time\" content=\"2022-12-16T18:10:50+00:00\" \/>\n<meta name=\"twitter:card\" content=\"summary_large_image\" \/>\n<meta name=\"twitter:label1\" content=\"Gesch\u00e4tzte Lesezeit\" \/>\n\t<meta name=\"twitter:data1\" content=\"1 Minute\" \/>\n<script type=\"application\/ld+json\" class=\"yoast-schema-graph\">{\"@context\":\"https:\/\/schema.org\",\"@graph\":[{\"@type\":\"WebPage\",\"@id\":\"https:\/\/vv2751.at\/index.php\/neu-im-dorf\/\",\"url\":\"https:\/\/vv2751.at\/index.php\/neu-im-dorf\/\",\"name\":\"Neu im Dorf - Versch\u00f6nerungsverein\",\"isPartOf\":{\"@id\":\"https:\/\/vv2751.at\/#website\"},\"datePublished\":\"2016-10-21T11:05:54+00:00\",\"dateModified\":\"2022-12-16T18:10:50+00:00\",\"breadcrumb\":{\"@id\":\"https:\/\/vv2751.at\/index.php\/neu-im-dorf\/#breadcrumb\"},\"inLanguage\":\"de-DE\",\"potentialAction\":[{\"@type\":\"ReadAction\",\"target\":[\"https:\/\/vv2751.at\/index.php\/neu-im-dorf\/\"]}]},{\"@type\":\"BreadcrumbList\",\"@id\":\"https:\/\/vv2751.at\/index.php\/neu-im-dorf\/#breadcrumb\",\"itemListElement\":[{\"@type\":\"ListItem\",\"position\":1,\"name\":\"Startseite\",\"item\":\"https:\/\/vv2751.at\/\"},{\"@type\":\"ListItem\",\"position\":2,\"name\":\"Neu im Dorf\"}]},{\"@type\":\"WebSite\",\"@id\":\"https:\/\/vv2751.at\/#website\",\"url\":\"https:\/\/vv2751.at\/\",\"name\":\"Versch\u00f6nerungsverein\",\"description\":\"Steinabr\u00fcckl \/ Heideansiedlung\",\"publisher\":{\"@id\":\"https:\/\/vv2751.at\/#organization\"},\"potentialAction\":[{\"@type\":\"SearchAction\",\"target\":{\"@type\":\"EntryPoint\",\"urlTemplate\":\"https:\/\/vv2751.at\/?s={search_term_string}\"},\"query-input\":\"required name=search_term_string\"}],\"inLanguage\":\"de-DE\"},{\"@type\":\"Organization\",\"@id\":\"https:\/\/vv2751.at\/#organization\",\"name\":\"Versch\u00f6nerungsverein\",\"url\":\"https:\/\/vv2751.at\/\",\"logo\":{\"@type\":\"ImageObject\",\"inLanguage\":\"de-DE\",\"@id\":\"https:\/\/vv2751.at\/#\/schema\/logo\/image\/\",\"url\":\"https:\/\/vv2751.at\/wp-content\/uploads\/2018\/04\/logo2.png\",\"contentUrl\":\"https:\/\/vv2751.at\/wp-content\/uploads\/2018\/04\/logo2.png\",\"width\":377,\"height\":377,\"caption\":\"Versch\u00f6nerungsverein\"},\"image\":{\"@id\":\"https:\/\/vv2751.at\/#\/schema\/logo\/image\/\"},\"sameAs\":[\"https:\/\/www.facebook.com\/search\/top?q=verschnerungsvereinsteinabrcklheideansiedlung\"]}]}<\/script>\n<!-- \/ Yoast SEO plugin. -->","yoast_head_json":{"title":"Neu im Dorf - Versch\u00f6nerungsverein","robots":{"index":"index","follow":"follow","max-snippet":"max-snippet:-1","max-image-preview":"max-image-preview:large","max-video-preview":"max-video-preview:-1"},"canonical":"https:\/\/vv2751.at\/index.php\/neu-im-dorf\/","og_locale":"de_DE","og_type":"article","og_title":"Neu im Dorf - Versch\u00f6nerungsverein","og_description":"Der Versch\u00f6nerungsverein Steinabr\u00fcckl-Heideansiedlung (VV) besteht aus B\u00fcrgern, die sich in ihrer Freizeit f\u00fcr ihren Ort engagieren. Sie kommen aus allen Bev\u00f6lkerungsschichten und der VV ist politisch v\u00f6llig neutral. F\u00fcr neu Hinzugezogene ist das eine M\u00f6glichkeit, nette Leute aus dem ganzen Ort kennenzulernen und viel \u00fcber ihre neue Heimatgemeinde (historisch und aktuell) zu erfahren. Angebote \u00fcber [&hellip;]","og_url":"https:\/\/vv2751.at\/index.php\/neu-im-dorf\/","og_site_name":"Versch\u00f6nerungsverein","article_publisher":"https:\/\/www.facebook.com\/search\/top?q=verschnerungsvereinsteinabrcklheideansiedlung","article_modified_time":"2022-12-16T18:10:50+00:00","twitter_card":"summary_large_image","twitter_misc":{"Gesch\u00e4tzte Lesezeit":"1 Minute"},"schema":{"@context":"https:\/\/schema.org","@graph":[{"@type":"WebPage","@id":"https:\/\/vv2751.at\/index.php\/neu-im-dorf\/","url":"https:\/\/vv2751.at\/index.php\/neu-im-dorf\/","name":"Neu im Dorf - Versch\u00f6nerungsverein","isPartOf":{"@id":"https:\/\/vv2751.at\/#website"},"datePublished":"2016-10-21T11:05:54+00:00","dateModified":"2022-12-16T18:10:50+00:00","breadcrumb":{"@id":"https:\/\/vv2751.at\/index.php\/neu-im-dorf\/#breadcrumb"},"inLanguage":"de-DE","potentialAction":[{"@type":"ReadAction","target":["https:\/\/vv2751.at\/index.php\/neu-im-dorf\/"]}]},{"@type":"BreadcrumbList","@id":"https:\/\/vv2751.at\/index.php\/neu-im-dorf\/#breadcrumb","itemListElement":[{"@type":"ListItem","position":1,"name":"Startseite","item":"https:\/\/vv2751.at\/"},{"@type":"ListItem","position":2,"name":"Neu im Dorf"}]},{"@type":"WebSite","@id":"https:\/\/vv2751.at\/#website","url":"https:\/\/vv2751.at\/","name":"Versch\u00f6nerungsverein","description":"Steinabr\u00fcckl \/ Heideansiedlung","publisher":{"@id":"https:\/\/vv2751.at\/#organization"},"potentialAction":[{"@type":"SearchAction","target":{"@type":"EntryPoint","urlTemplate":"https:\/\/vv2751.at\/?s={search_term_string}"},"query-input":"required name=search_term_string"}],"inLanguage":"de-DE"},{"@type":"Organization","@id":"https:\/\/vv2751.at\/#organization","name":"Versch\u00f6nerungsverein","url":"https:\/\/vv2751.at\/","logo":{"@type":"ImageObject","inLanguage":"de-DE","@id":"https:\/\/vv2751.at\/#\/schema\/logo\/image\/","url":"https:\/\/vv2751.at\/wp-content\/uploads\/2018\/04\/logo2.png","contentUrl":"https:\/\/vv2751.at\/wp-content\/uploads\/2018\/04\/logo2.png","width":377,"height":377,"caption":"Versch\u00f6nerungsverein"},"image":{"@id":"https:\/\/vv2751.at\/#\/schema\/logo\/image\/"},"sameAs":["https:\/\/www.facebook.com\/search\/top?q=verschnerungsvereinsteinabrcklheideansiedlung"]}]}},"post_mailing_queue_ids":[],"_links":{"self":[{"href":"https:\/\/vv2751.at\/index.php\/wp-json\/wp\/v2\/pages\/25"}],"collection":[{"href":"https:\/\/vv2751.at\/index.php\/wp-json\/wp\/v2\/pages"}],"about":[{"href":"https:\/\/vv2751.at\/index.php\/wp-json\/wp\/v2\/types\/page"}],"author":[{"embeddable":true,"href":"https:\/\/vv2751.at\/index.php\/wp-json\/wp\/v2\/users\/1"}],"replies":[{"embeddable":true,"href":"https:\/\/vv2751.at\/index.php\/wp-json\/wp\/v2\/comments?post=25"}],"version-history":[{"count":3,"href":"https:\/\/vv2751.at\/index.php\/wp-json\/wp\/v2\/pages\/25\/revisions"}],"predecessor-version":[{"id":1630,"href":"https:\/\/vv2751.at\/index.php\/wp-json\/wp\/v2\/pages\/25\/revisions\/1630"}],"wp:attachment":[{"href":"https:\/\/vv2751.at\/index.php\/wp-json\/wp\/v2\/media?parent=25"}],"curies":[{"name":"wp","href":"https:\/\/api.w.org\/{rel}","templated":true}]}}