{"id":36,"date":"2016-10-21T18:46:43","date_gmt":"2016-10-21T18:46:43","guid":{"rendered":"http:\/\/vv2751.at\/?page_id=36"},"modified":"2022-12-16T18:18:07","modified_gmt":"2022-12-16T17:18:07","slug":"60-jahre-vv","status":"publish","type":"page","link":"https:\/\/vv2751.at\/index.php\/60-jahre-vv\/","title":{"rendered":"60 Jahre VV"},"content":{"rendered":"<p><strong>Der Versch\u00f6nerungsverein Steinabr\u00fcckl-Heideansiedlung feierte 2014 sein 60 Jahr-Jubil\u00e4um!<\/strong><\/p>\n<table border=\"0\">\n<tbody>\n<tr valign=\"middle\">\n<td>&nbsp;<\/td>\n<td valign=\"bottom\">1904 war das Gr\u00fcndungsjahr des ersten Versch\u00f6nerungsvereins. So gesehen k\u00f6nnte sich der VV als erste B\u00fcrgerinitiative des Dorfes bezeichnen.&nbsp; 1954, nach den schweren Kriegsjahren wurde er wieder gegr\u00fcndet &#8222;um der Heimat mehr Ansehen und Aussehen zu verschaffen&#8220;.Ortsbildverbesserung und die F\u00f6rderung der Verbundenheit mit dem Dorf sind auch heute noch Vereinszweck des VV und er macht es gerne &#8211; ohne sich um Parteipolitik zu k\u00fcmmern&#8230;<\/td>\n<\/tr>\n<\/tbody>\n<\/table>\n<p><strong>Leider haben wir Nachwuchsprobleme<\/strong><\/p>\n<p>Nat\u00fcrlich sind wir stolz auf unser Jubil\u00e4um und unsere gut 250 Mitglieder. Doch wir w\u00fcnschen uns viel mehr aktive Leute um die Absichten des Vereins in die Zukunft zu tragen.<\/p>\n<p>J\u00fcnger oder \u00e4lter: Kommen Sie zu uns, wenn es f\u00fcr sie wichtig ist in einem lebenswerten\/liebenswerten Dorf zu wohnen.<\/p>\n<p><strong>Mitglied werden <\/strong><\/p>\n<p>Wir freuen uns, wenn sie uns unterst\u00fctzen m\u00f6chten. Bitte kontaktieren Sie uns!<\/p>\n<p>&nbsp;<\/p>\n<p>&nbsp;<\/p>\n<p>&nbsp;<\/p>\n","protected":false},"excerpt":{"rendered":"<p>Der Versch\u00f6nerungsverein Steinabr\u00fcckl-Heideansiedlung feierte 2014 sein 60 Jahr-Jubil\u00e4um! &nbsp; 1904 war das Gr\u00fcndungsjahr des ersten Versch\u00f6nerungsvereins. So gesehen k\u00f6nnte sich der VV als erste B\u00fcrgerinitiative des Dorfes bezeichnen.&nbsp; 1954, nach den schweren Kriegsjahren wurde er wieder gegr\u00fcndet &#8222;um der Heimat mehr Ansehen und Aussehen zu verschaffen&#8220;.Ortsbildverbesserung und die F\u00f6rderung der Verbundenheit mit dem Dorf sind [&hellip;]<\/p>\n","protected":false},"author":1,"featured_media":0,"parent":0,"menu_order":0,"comment_status":"closed","ping_status":"closed","template":"","meta":{"ngg_post_thumbnail":0},"yoast_head":"<!-- This site is optimized with the Yoast SEO plugin v20.2.1 - https:\/\/yoast.com\/wordpress\/plugins\/seo\/ -->\n<title>60 Jahre VV - Versch\u00f6nerungsverein<\/title>\n<meta name=\"robots\" content=\"index, follow, max-snippet:-1, max-image-preview:large, max-video-preview:-1\" \/>\n<link rel=\"canonical\" href=\"https:\/\/vv2751.at\/index.php\/60-jahre-vv\/\" \/>\n<meta property=\"og:locale\" content=\"de_DE\" \/>\n<meta property=\"og:type\" content=\"article\" \/>\n<meta property=\"og:title\" content=\"60 Jahre VV - Versch\u00f6nerungsverein\" \/>\n<meta property=\"og:description\" content=\"Der Versch\u00f6nerungsverein Steinabr\u00fcckl-Heideansiedlung feierte 2014 sein 60 Jahr-Jubil\u00e4um! &nbsp; 1904 war das Gr\u00fcndungsjahr des ersten Versch\u00f6nerungsvereins. So gesehen k\u00f6nnte sich der VV als erste B\u00fcrgerinitiative des Dorfes bezeichnen.&nbsp; 1954, nach den schweren Kriegsjahren wurde er wieder gegr\u00fcndet &#8222;um der Heimat mehr Ansehen und Aussehen zu verschaffen&#8220;.Ortsbildverbesserung und die F\u00f6rderung der Verbundenheit mit dem Dorf sind [&hellip;]\" \/>\n<meta property=\"og:url\" content=\"https:\/\/vv2751.at\/index.php\/60-jahre-vv\/\" \/>\n<meta property=\"og:site_name\" content=\"Versch\u00f6nerungsverein\" \/>\n<meta property=\"article:publisher\" content=\"https:\/\/www.facebook.com\/search\/top?q=verschnerungsvereinsteinabrcklheideansiedlung\" \/>\n<meta property=\"article:modified_time\" content=\"2022-12-16T17:18:07+00:00\" \/>\n<meta name=\"twitter:card\" content=\"summary_large_image\" \/>\n<meta name=\"twitter:label1\" content=\"Gesch\u00e4tzte Lesezeit\" \/>\n\t<meta name=\"twitter:data1\" content=\"1 Minute\" \/>\n<script type=\"application\/ld+json\" class=\"yoast-schema-graph\">{\"@context\":\"https:\/\/schema.org\",\"@graph\":[{\"@type\":\"WebPage\",\"@id\":\"https:\/\/vv2751.at\/index.php\/60-jahre-vv\/\",\"url\":\"https:\/\/vv2751.at\/index.php\/60-jahre-vv\/\",\"name\":\"60 Jahre VV - Versch\u00f6nerungsverein\",\"isPartOf\":{\"@id\":\"https:\/\/vv2751.at\/#website\"},\"datePublished\":\"2016-10-21T18:46:43+00:00\",\"dateModified\":\"2022-12-16T17:18:07+00:00\",\"breadcrumb\":{\"@id\":\"https:\/\/vv2751.at\/index.php\/60-jahre-vv\/#breadcrumb\"},\"inLanguage\":\"de-DE\",\"potentialAction\":[{\"@type\":\"ReadAction\",\"target\":[\"https:\/\/vv2751.at\/index.php\/60-jahre-vv\/\"]}]},{\"@type\":\"BreadcrumbList\",\"@id\":\"https:\/\/vv2751.at\/index.php\/60-jahre-vv\/#breadcrumb\",\"itemListElement\":[{\"@type\":\"ListItem\",\"position\":1,\"name\":\"Startseite\",\"item\":\"https:\/\/vv2751.at\/\"},{\"@type\":\"ListItem\",\"position\":2,\"name\":\"60 Jahre VV\"}]},{\"@type\":\"WebSite\",\"@id\":\"https:\/\/vv2751.at\/#website\",\"url\":\"https:\/\/vv2751.at\/\",\"name\":\"Versch\u00f6nerungsverein\",\"description\":\"Steinabr\u00fcckl \/ Heideansiedlung\",\"publisher\":{\"@id\":\"https:\/\/vv2751.at\/#organization\"},\"potentialAction\":[{\"@type\":\"SearchAction\",\"target\":{\"@type\":\"EntryPoint\",\"urlTemplate\":\"https:\/\/vv2751.at\/?s={search_term_string}\"},\"query-input\":\"required name=search_term_string\"}],\"inLanguage\":\"de-DE\"},{\"@type\":\"Organization\",\"@id\":\"https:\/\/vv2751.at\/#organization\",\"name\":\"Versch\u00f6nerungsverein\",\"url\":\"https:\/\/vv2751.at\/\",\"logo\":{\"@type\":\"ImageObject\",\"inLanguage\":\"de-DE\",\"@id\":\"https:\/\/vv2751.at\/#\/schema\/logo\/image\/\",\"url\":\"https:\/\/vv2751.at\/wp-content\/uploads\/2018\/04\/logo2.png\",\"contentUrl\":\"https:\/\/vv2751.at\/wp-content\/uploads\/2018\/04\/logo2.png\",\"width\":377,\"height\":377,\"caption\":\"Versch\u00f6nerungsverein\"},\"image\":{\"@id\":\"https:\/\/vv2751.at\/#\/schema\/logo\/image\/\"},\"sameAs\":[\"https:\/\/www.facebook.com\/search\/top?q=verschnerungsvereinsteinabrcklheideansiedlung\"]}]}<\/script>\n<!-- \/ Yoast SEO plugin. -->","yoast_head_json":{"title":"60 Jahre VV - Versch\u00f6nerungsverein","robots":{"index":"index","follow":"follow","max-snippet":"max-snippet:-1","max-image-preview":"max-image-preview:large","max-video-preview":"max-video-preview:-1"},"canonical":"https:\/\/vv2751.at\/index.php\/60-jahre-vv\/","og_locale":"de_DE","og_type":"article","og_title":"60 Jahre VV - Versch\u00f6nerungsverein","og_description":"Der Versch\u00f6nerungsverein Steinabr\u00fcckl-Heideansiedlung feierte 2014 sein 60 Jahr-Jubil\u00e4um! &nbsp; 1904 war das Gr\u00fcndungsjahr des ersten Versch\u00f6nerungsvereins. So gesehen k\u00f6nnte sich der VV als erste B\u00fcrgerinitiative des Dorfes bezeichnen.&nbsp; 1954, nach den schweren Kriegsjahren wurde er wieder gegr\u00fcndet &#8222;um der Heimat mehr Ansehen und Aussehen zu verschaffen&#8220;.Ortsbildverbesserung und die F\u00f6rderung der Verbundenheit mit dem Dorf sind [&hellip;]","og_url":"https:\/\/vv2751.at\/index.php\/60-jahre-vv\/","og_site_name":"Versch\u00f6nerungsverein","article_publisher":"https:\/\/www.facebook.com\/search\/top?q=verschnerungsvereinsteinabrcklheideansiedlung","article_modified_time":"2022-12-16T17:18:07+00:00","twitter_card":"summary_large_image","twitter_misc":{"Gesch\u00e4tzte Lesezeit":"1 Minute"},"schema":{"@context":"https:\/\/schema.org","@graph":[{"@type":"WebPage","@id":"https:\/\/vv2751.at\/index.php\/60-jahre-vv\/","url":"https:\/\/vv2751.at\/index.php\/60-jahre-vv\/","name":"60 Jahre VV - Versch\u00f6nerungsverein","isPartOf":{"@id":"https:\/\/vv2751.at\/#website"},"datePublished":"2016-10-21T18:46:43+00:00","dateModified":"2022-12-16T17:18:07+00:00","breadcrumb":{"@id":"https:\/\/vv2751.at\/index.php\/60-jahre-vv\/#breadcrumb"},"inLanguage":"de-DE","potentialAction":[{"@type":"ReadAction","target":["https:\/\/vv2751.at\/index.php\/60-jahre-vv\/"]}]},{"@type":"BreadcrumbList","@id":"https:\/\/vv2751.at\/index.php\/60-jahre-vv\/#breadcrumb","itemListElement":[{"@type":"ListItem","position":1,"name":"Startseite","item":"https:\/\/vv2751.at\/"},{"@type":"ListItem","position":2,"name":"60 Jahre VV"}]},{"@type":"WebSite","@id":"https:\/\/vv2751.at\/#website","url":"https:\/\/vv2751.at\/","name":"Versch\u00f6nerungsverein","description":"Steinabr\u00fcckl \/ Heideansiedlung","publisher":{"@id":"https:\/\/vv2751.at\/#organization"},"potentialAction":[{"@type":"SearchAction","target":{"@type":"EntryPoint","urlTemplate":"https:\/\/vv2751.at\/?s={search_term_string}"},"query-input":"required name=search_term_string"}],"inLanguage":"de-DE"},{"@type":"Organization","@id":"https:\/\/vv2751.at\/#organization","name":"Versch\u00f6nerungsverein","url":"https:\/\/vv2751.at\/","logo":{"@type":"ImageObject","inLanguage":"de-DE","@id":"https:\/\/vv2751.at\/#\/schema\/logo\/image\/","url":"https:\/\/vv2751.at\/wp-content\/uploads\/2018\/04\/logo2.png","contentUrl":"https:\/\/vv2751.at\/wp-content\/uploads\/2018\/04\/logo2.png","width":377,"height":377,"caption":"Versch\u00f6nerungsverein"},"image":{"@id":"https:\/\/vv2751.at\/#\/schema\/logo\/image\/"},"sameAs":["https:\/\/www.facebook.com\/search\/top?q=verschnerungsvereinsteinabrcklheideansiedlung"]}]}},"post_mailing_queue_ids":[],"_links":{"self":[{"href":"https:\/\/vv2751.at\/index.php\/wp-json\/wp\/v2\/pages\/36"}],"collection":[{"href":"https:\/\/vv2751.at\/index.php\/wp-json\/wp\/v2\/pages"}],"about":[{"href":"https:\/\/vv2751.at\/index.php\/wp-json\/wp\/v2\/types\/page"}],"author":[{"embeddable":true,"href":"https:\/\/vv2751.at\/index.php\/wp-json\/wp\/v2\/users\/1"}],"replies":[{"embeddable":true,"href":"https:\/\/vv2751.at\/index.php\/wp-json\/wp\/v2\/comments?post=36"}],"version-history":[{"count":4,"href":"https:\/\/vv2751.at\/index.php\/wp-json\/wp\/v2\/pages\/36\/revisions"}],"predecessor-version":[{"id":1612,"href":"https:\/\/vv2751.at\/index.php\/wp-json\/wp\/v2\/pages\/36\/revisions\/1612"}],"wp:attachment":[{"href":"https:\/\/vv2751.at\/index.php\/wp-json\/wp\/v2\/media?parent=36"}],"curies":[{"name":"wp","href":"https:\/\/api.w.org\/{rel}","templated":true}]}}