{"id":701,"date":"2018-02-23T17:47:24","date_gmt":"2018-02-23T16:47:24","guid":{"rendered":"http:\/\/vv2751.at\/?page_id=701"},"modified":"2023-06-19T17:19:12","modified_gmt":"2023-06-19T15:19:12","slug":"team","status":"publish","type":"page","link":"https:\/\/vv2751.at\/index.php\/team\/","title":{"rendered":"TEAM"},"content":{"rendered":"<p><img decoding=\"async\" loading=\"lazy\" class=\"alignnone size-large wp-image-1680\" src=\"http:\/\/vv2751.at\/wp-content\/uploads\/2023\/06\/2023-02-08_21-33-55_290-1024x768.jpg\" alt=\"\" width=\"1024\" height=\"768\" srcset=\"https:\/\/vv2751.at\/wp-content\/uploads\/2023\/06\/2023-02-08_21-33-55_290-1024x768.jpg 1024w, https:\/\/vv2751.at\/wp-content\/uploads\/2023\/06\/2023-02-08_21-33-55_290-300x225.jpg 300w, https:\/\/vv2751.at\/wp-content\/uploads\/2023\/06\/2023-02-08_21-33-55_290-768x576.jpg 768w, https:\/\/vv2751.at\/wp-content\/uploads\/2023\/06\/2023-02-08_21-33-55_290-1536x1152.jpg 1536w, https:\/\/vv2751.at\/wp-content\/uploads\/2023\/06\/2023-02-08_21-33-55_290-2048x1536.jpg 2048w\" sizes=\"(max-width: 1024px) 100vw, 1024px\" \/><\/p>\n<p>Unser neues Team (<span class=\"Y0NH2b CLPzrc\"> v. l. n. r.<\/span>):<\/p>\n<p>Alois Eder Kassier, Martin Prikril Obmann Stv., Bettina Prikril Schriftf\u00fchrerin Stv.,&nbsp; Sebastian Harbich Kassier Stv., Karl-Heinz Mayer Obmann; Heidelinde Miklousch Schriftf\u00fchrerin, Eduard Miklousch Kassapr\u00fcfung<\/p>\n<h3>Sowie viele flei\u00dfige H\u00e4nde und Unterst\u00fctzer, ohne deren Hilfe der Verein nicht existieren k\u00f6nnte.<\/h3>\n<p>&nbsp;<\/p>\n","protected":false},"excerpt":{"rendered":"<p>Unser neues Team ( v. l. n. r.): Alois Eder Kassier, Martin Prikril Obmann Stv., Bettina Prikril Schriftf\u00fchrerin Stv.,&nbsp; Sebastian Harbich Kassier Stv., Karl-Heinz Mayer Obmann; Heidelinde Miklousch Schriftf\u00fchrerin, Eduard Miklousch Kassapr\u00fcfung Sowie viele flei\u00dfige H\u00e4nde und Unterst\u00fctzer, ohne deren Hilfe der Verein nicht existieren k\u00f6nnte. &nbsp;<\/p>\n","protected":false},"author":1,"featured_media":0,"parent":0,"menu_order":0,"comment_status":"closed","ping_status":"closed","template":"","meta":{"ngg_post_thumbnail":0},"yoast_head":"<!-- This site is optimized with the Yoast SEO plugin v20.2.1 - https:\/\/yoast.com\/wordpress\/plugins\/seo\/ -->\n<title>TEAM - Versch\u00f6nerungsverein<\/title>\n<meta name=\"robots\" content=\"index, follow, max-snippet:-1, max-image-preview:large, max-video-preview:-1\" \/>\n<link rel=\"canonical\" href=\"https:\/\/vv2751.at\/index.php\/team\/\" \/>\n<meta property=\"og:locale\" content=\"de_DE\" \/>\n<meta property=\"og:type\" content=\"article\" \/>\n<meta property=\"og:title\" content=\"TEAM - Versch\u00f6nerungsverein\" \/>\n<meta property=\"og:description\" content=\"Unser neues Team ( v. l. n. r.): Alois Eder Kassier, Martin Prikril Obmann Stv., Bettina Prikril Schriftf\u00fchrerin Stv.,&nbsp; Sebastian Harbich Kassier Stv., Karl-Heinz Mayer Obmann; Heidelinde Miklousch Schriftf\u00fchrerin, Eduard Miklousch Kassapr\u00fcfung Sowie viele flei\u00dfige H\u00e4nde und Unterst\u00fctzer, ohne deren Hilfe der Verein nicht existieren k\u00f6nnte. &nbsp;\" \/>\n<meta property=\"og:url\" content=\"https:\/\/vv2751.at\/index.php\/team\/\" \/>\n<meta property=\"og:site_name\" content=\"Versch\u00f6nerungsverein\" \/>\n<meta property=\"article:publisher\" content=\"https:\/\/www.facebook.com\/search\/top?q=verschnerungsvereinsteinabrcklheideansiedlung\" \/>\n<meta property=\"article:modified_time\" content=\"2023-06-19T15:19:12+00:00\" \/>\n<meta property=\"og:image\" content=\"http:\/\/vv2751.at\/wp-content\/uploads\/2023\/06\/2023-02-08_21-33-55_290-1024x768.jpg\" \/>\n<meta name=\"twitter:card\" content=\"summary_large_image\" \/>\n<meta name=\"twitter:label1\" content=\"Gesch\u00e4tzte Lesezeit\" \/>\n\t<meta name=\"twitter:data1\" content=\"1 Minute\" \/>\n<script type=\"application\/ld+json\" class=\"yoast-schema-graph\">{\"@context\":\"https:\/\/schema.org\",\"@graph\":[{\"@type\":\"WebPage\",\"@id\":\"https:\/\/vv2751.at\/index.php\/team\/\",\"url\":\"https:\/\/vv2751.at\/index.php\/team\/\",\"name\":\"TEAM - Versch\u00f6nerungsverein\",\"isPartOf\":{\"@id\":\"https:\/\/vv2751.at\/#website\"},\"datePublished\":\"2018-02-23T16:47:24+00:00\",\"dateModified\":\"2023-06-19T15:19:12+00:00\",\"breadcrumb\":{\"@id\":\"https:\/\/vv2751.at\/index.php\/team\/#breadcrumb\"},\"inLanguage\":\"de-DE\",\"potentialAction\":[{\"@type\":\"ReadAction\",\"target\":[\"https:\/\/vv2751.at\/index.php\/team\/\"]}]},{\"@type\":\"BreadcrumbList\",\"@id\":\"https:\/\/vv2751.at\/index.php\/team\/#breadcrumb\",\"itemListElement\":[{\"@type\":\"ListItem\",\"position\":1,\"name\":\"Startseite\",\"item\":\"https:\/\/vv2751.at\/\"},{\"@type\":\"ListItem\",\"position\":2,\"name\":\"TEAM\"}]},{\"@type\":\"WebSite\",\"@id\":\"https:\/\/vv2751.at\/#website\",\"url\":\"https:\/\/vv2751.at\/\",\"name\":\"Versch\u00f6nerungsverein\",\"description\":\"Steinabr\u00fcckl \/ Heideansiedlung\",\"publisher\":{\"@id\":\"https:\/\/vv2751.at\/#organization\"},\"potentialAction\":[{\"@type\":\"SearchAction\",\"target\":{\"@type\":\"EntryPoint\",\"urlTemplate\":\"https:\/\/vv2751.at\/?s={search_term_string}\"},\"query-input\":\"required name=search_term_string\"}],\"inLanguage\":\"de-DE\"},{\"@type\":\"Organization\",\"@id\":\"https:\/\/vv2751.at\/#organization\",\"name\":\"Versch\u00f6nerungsverein\",\"url\":\"https:\/\/vv2751.at\/\",\"logo\":{\"@type\":\"ImageObject\",\"inLanguage\":\"de-DE\",\"@id\":\"https:\/\/vv2751.at\/#\/schema\/logo\/image\/\",\"url\":\"https:\/\/vv2751.at\/wp-content\/uploads\/2018\/04\/logo2.png\",\"contentUrl\":\"https:\/\/vv2751.at\/wp-content\/uploads\/2018\/04\/logo2.png\",\"width\":377,\"height\":377,\"caption\":\"Versch\u00f6nerungsverein\"},\"image\":{\"@id\":\"https:\/\/vv2751.at\/#\/schema\/logo\/image\/\"},\"sameAs\":[\"https:\/\/www.facebook.com\/search\/top?q=verschnerungsvereinsteinabrcklheideansiedlung\"]}]}<\/script>\n<!-- \/ Yoast SEO plugin. -->","yoast_head_json":{"title":"TEAM - Versch\u00f6nerungsverein","robots":{"index":"index","follow":"follow","max-snippet":"max-snippet:-1","max-image-preview":"max-image-preview:large","max-video-preview":"max-video-preview:-1"},"canonical":"https:\/\/vv2751.at\/index.php\/team\/","og_locale":"de_DE","og_type":"article","og_title":"TEAM - Versch\u00f6nerungsverein","og_description":"Unser neues Team ( v. l. n. r.): Alois Eder Kassier, Martin Prikril Obmann Stv., Bettina Prikril Schriftf\u00fchrerin Stv.,&nbsp; Sebastian Harbich Kassier Stv., Karl-Heinz Mayer Obmann; Heidelinde Miklousch Schriftf\u00fchrerin, Eduard Miklousch Kassapr\u00fcfung Sowie viele flei\u00dfige H\u00e4nde und Unterst\u00fctzer, ohne deren Hilfe der Verein nicht existieren k\u00f6nnte. &nbsp;","og_url":"https:\/\/vv2751.at\/index.php\/team\/","og_site_name":"Versch\u00f6nerungsverein","article_publisher":"https:\/\/www.facebook.com\/search\/top?q=verschnerungsvereinsteinabrcklheideansiedlung","article_modified_time":"2023-06-19T15:19:12+00:00","og_image":[{"url":"http:\/\/vv2751.at\/wp-content\/uploads\/2023\/06\/2023-02-08_21-33-55_290-1024x768.jpg"}],"twitter_card":"summary_large_image","twitter_misc":{"Gesch\u00e4tzte Lesezeit":"1 Minute"},"schema":{"@context":"https:\/\/schema.org","@graph":[{"@type":"WebPage","@id":"https:\/\/vv2751.at\/index.php\/team\/","url":"https:\/\/vv2751.at\/index.php\/team\/","name":"TEAM - Versch\u00f6nerungsverein","isPartOf":{"@id":"https:\/\/vv2751.at\/#website"},"datePublished":"2018-02-23T16:47:24+00:00","dateModified":"2023-06-19T15:19:12+00:00","breadcrumb":{"@id":"https:\/\/vv2751.at\/index.php\/team\/#breadcrumb"},"inLanguage":"de-DE","potentialAction":[{"@type":"ReadAction","target":["https:\/\/vv2751.at\/index.php\/team\/"]}]},{"@type":"BreadcrumbList","@id":"https:\/\/vv2751.at\/index.php\/team\/#breadcrumb","itemListElement":[{"@type":"ListItem","position":1,"name":"Startseite","item":"https:\/\/vv2751.at\/"},{"@type":"ListItem","position":2,"name":"TEAM"}]},{"@type":"WebSite","@id":"https:\/\/vv2751.at\/#website","url":"https:\/\/vv2751.at\/","name":"Versch\u00f6nerungsverein","description":"Steinabr\u00fcckl \/ Heideansiedlung","publisher":{"@id":"https:\/\/vv2751.at\/#organization"},"potentialAction":[{"@type":"SearchAction","target":{"@type":"EntryPoint","urlTemplate":"https:\/\/vv2751.at\/?s={search_term_string}"},"query-input":"required name=search_term_string"}],"inLanguage":"de-DE"},{"@type":"Organization","@id":"https:\/\/vv2751.at\/#organization","name":"Versch\u00f6nerungsverein","url":"https:\/\/vv2751.at\/","logo":{"@type":"ImageObject","inLanguage":"de-DE","@id":"https:\/\/vv2751.at\/#\/schema\/logo\/image\/","url":"https:\/\/vv2751.at\/wp-content\/uploads\/2018\/04\/logo2.png","contentUrl":"https:\/\/vv2751.at\/wp-content\/uploads\/2018\/04\/logo2.png","width":377,"height":377,"caption":"Versch\u00f6nerungsverein"},"image":{"@id":"https:\/\/vv2751.at\/#\/schema\/logo\/image\/"},"sameAs":["https:\/\/www.facebook.com\/search\/top?q=verschnerungsvereinsteinabrcklheideansiedlung"]}]}},"post_mailing_queue_ids":[],"_links":{"self":[{"href":"https:\/\/vv2751.at\/index.php\/wp-json\/wp\/v2\/pages\/701"}],"collection":[{"href":"https:\/\/vv2751.at\/index.php\/wp-json\/wp\/v2\/pages"}],"about":[{"href":"https:\/\/vv2751.at\/index.php\/wp-json\/wp\/v2\/types\/page"}],"author":[{"embeddable":true,"href":"https:\/\/vv2751.at\/index.php\/wp-json\/wp\/v2\/users\/1"}],"replies":[{"embeddable":true,"href":"https:\/\/vv2751.at\/index.php\/wp-json\/wp\/v2\/comments?post=701"}],"version-history":[{"count":19,"href":"https:\/\/vv2751.at\/index.php\/wp-json\/wp\/v2\/pages\/701\/revisions"}],"predecessor-version":[{"id":1681,"href":"https:\/\/vv2751.at\/index.php\/wp-json\/wp\/v2\/pages\/701\/revisions\/1681"}],"wp:attachment":[{"href":"https:\/\/vv2751.at\/index.php\/wp-json\/wp\/v2\/media?parent=701"}],"curies":[{"name":"wp","href":"https:\/\/api.w.org\/{rel}","templated":true}]}}