{"id":725,"date":"2018-02-23T18:14:28","date_gmt":"2018-02-23T17:14:28","guid":{"rendered":"http:\/\/vv2751.at\/?page_id=725"},"modified":"2018-02-23T18:18:24","modified_gmt":"2018-02-23T17:18:24","slug":"rueckblick","status":"publish","type":"page","link":"https:\/\/vv2751.at\/index.php\/rueckblick\/","title":{"rendered":"R\u00fcckblick"},"content":{"rendered":"<div id=\"body_bg\">\n<div id=\"container_main\" class=\"j51contain\">\n<div class=\"wrapper960\">\n<div id=\"main\" class=\"block_holder\">\n<div id=\"content_full\" class=\"side_margins\">\n<div class=\"maincontent\">\n<div class=\"item-page\">\n<p><strong>06.Oktober 2016:<\/strong><\/p>\n<p>Der VV spendete vor kurzem dem Kindergarten Hauptstra\u00dfe in Steinabr\u00fcckl ein Hochbeet. Die Kinder haben kurz darauf mit der Bepflanzung begonnen. Wir m\u00f6chten hier auf Facebook keine Fotos von Minderj\u00e4hrigen ver\u00f6ffentlichen, stellvertretend f\u00fcr alle kleinen Hobbyg\u00e4rtner haben sich Brigitta Schuster, Kindergartenleiterin und Sabine Rodler, Kindergartenp\u00e4dagogin f\u00fcrs Bild zur Verf\u00fcgung gestellt.<\/p>\n<\/div>\n<\/div>\n<\/div>\n<p><img decoding=\"async\" loading=\"lazy\" class=\"alignnone size-medium wp-image-423\" src=\"http:\/\/vv2751.at\/wp-content\/uploads\/2016\/10\/14502756_317865791925268_5025769036448741111_n-300x169.jpg\" alt=\"14502756_317865791925268_5025769036448741111_n\" width=\"300\" height=\"169\" srcset=\"https:\/\/vv2751.at\/wp-content\/uploads\/2016\/10\/14502756_317865791925268_5025769036448741111_n-300x169.jpg 300w, https:\/\/vv2751.at\/wp-content\/uploads\/2016\/10\/14502756_317865791925268_5025769036448741111_n-768x432.jpg 768w, https:\/\/vv2751.at\/wp-content\/uploads\/2016\/10\/14502756_317865791925268_5025769036448741111_n.jpg 960w\" sizes=\"(max-width: 300px) 100vw, 300px\" \/><\/p>\n<\/div>\n<p>&nbsp;<\/p>\n<div id=\"main\" class=\"block_holder\">\n<div id=\"content_full\" class=\"side_margins\">\n<div class=\"maincontent\">\n<div class=\"item-page\">\n<p><strong>01. J\u00e4nner 2016:<br \/>\n<\/strong><\/p>\n<p>Das traditionelle Neujahrskonzert fand am 1.1.2016 um 16h im Kulturheim Steinabr\u00fcckl statt.<br \/>\nEs spielten <strong>Wiener Flair<\/strong><strong> &#8211; <\/strong><strong>Doina Fischer und Orchester<\/strong><br \/>\nProgramm:<\/p>\n<p>Alte Kameraden &#8211; Marsch &#8211; C. Teike &#8211; Arr. Doina Fischer<\/p>\n<p>Donauwellen &#8211; Konzertwalzer &#8211; I. Ivanovici &#8211; Arr. Doina Fischer<\/p>\n<p>Funicul\u00ec, Funicul\u00e0\/Chianti Lied &#8211; L. Denza &#8211; Arr. Doina Fischer \/G. Winkler<\/p>\n<p>Der Winter (aus die vier Jahreszeiten) &#8211; Allegro non molto \/Largo \/Allegro &#8211; A. Vivaldi &#8211; Arr. Doina Fischer<\/p>\n<p>T\u00fcrkischer Marsch &#8211; W. A. Mozart &#8211; Arr. Doina Fischer<\/p>\n<p>Blumenwalzer aus &#8222;Der Nussknacker&#8220; &#8211; P. I. Tschaikowsky &#8211; Arr. Doina Fischer<\/p>\n<p>Cs\u00e1rd\u00e1s aus &#8222;Ritter P\u00e1sm\u00e1n&#8220; &#8211; J. Strauss &#8211; Arr. Doina Fischer<\/p>\n<p>Die Lerche &#8211; Doina Fischer<\/p>\n<p>Bahn frei \/Auf und davon &#8211; Polka schnell &#8211; E. Strauss &#8211; Arr. Doina Fischer<\/p>\n<p>Wo die Citronen bl\u00fch\u00b4n &#8211; Walzer &#8211; J. Strauss &#8211; Arr. Doina Fischer<\/p>\n<p>Unter Donner und Blitz &#8211; Polka schnell &#8211; J. Strauss Sohn &#8211; Arr. Doina Fischer<\/p>\n<p>Toselli\u00b4s Serenade &#8211; Arr. Doina Fischer<\/p>\n<p>Feuerfest &#8211; Polka francaise &#8211; Josef Strauss &#8211; Arr. Doina Fischer<\/p>\n<p>Overture zur Oper &#8222;Die lustigen Weiber von Windsor&#8220; &#8211; O. Nicolai &#8211; Arr. Doina Fischer<\/p>\n<p>Walzer Nr. 1 &#8211; Doina Fischer<\/p>\n<p>Zirkus Renz &#8211; Galopp &#8211; G. Peter &#8211; Arr. Doina Fischer<\/p>\n<p>&nbsp;<\/p>\n<p><strong>25. September 2015:<\/strong><\/p>\n<p><strong>Generalversammlung<\/strong><\/p>\n<p>Bei der GV wurde ein Neuer Vorstand gew\u00e4hlt:<\/p>\n<p>Rene Derfler, Obmann<br \/>\nRobert Rauscher, Obmann Stv.<br \/>\nAlois Eder, Kassier<br \/>\nAndrea Meitz, Schriftf\u00fchrerin<br \/>\nManuela Derfler, Kassier Stv.<br \/>\nAlexandra Br\u00f6dl, Schriftf\u00fchrerin Stv.<\/p>\n<p>Unser Ziel ist es, traditionelle Veranstaltungen und Arbeiten aufrecht zu erhalten und durch neue Projekte, die zur Ortsversch\u00f6nerung beitragen zu erg\u00e4nzen.<\/p>\n<p>&nbsp;<\/p>\n<p>&nbsp;<\/p>\n<p><strong>20. Juni 2015:<\/strong><\/p>\n<p>&nbsp;<\/p>\n<p><strong>Sonnwendfeier<\/strong><\/p>\n<p>Heuer veranstalteten wir unsere traditionelle Sonnwendfeier gemeinsam mit dem ATV Steinabr\u00fcckl. Trotz unsicherem Wetter sind wieder zahlreiche Besucher gekommen, die unser kulinarisches Angebot und die Veranstaltungen genossen haben. Wie letztes Jahr waren die H\u00f6hepunkte ein Keltenvortrag von Margot Blaschke, eine Feuershow von den Daidalos mit neuem Programm und das Sonnwendfeuer.<\/p>\n<p>&nbsp;<\/p>\n<p>&nbsp;<\/p>\n<p><strong>1. J\u00e4nner 2015:<\/strong><\/p>\n<p><strong>Neujahrskonzert mit den Biedermeiern<\/strong><\/p>\n<p>&nbsp;<\/p>\n<p><strong>25. Oktober 2014:<\/strong><\/p>\n<p>&nbsp;<\/p>\n<p><strong>Blueskonzert mit der Hannes Kasehs Band im Dornauer Stadl!<\/strong><\/p>\n<p>Unter dem Motto: \u201eour Blues can cry, laugh, moan and joke\u201c gab\u00b4s tolle Stimmung im Stadl. Das Trio bot 2 Stunden lang Blues vom Feisten und hat die Konzertbesucher begeistert.<\/p>\n<p>Mit Gitarre, Bass, Schlagzeug und zwei Stimmen durchstreift das Hannes Kasehs Blues Trio seit \u00fcber 25 Jahren die Blueslandschaft mit all ihren Facetten.<br \/>\nEs wurden sowohl eigene Titel als auch Coverversionen geboten.<br \/>\nSelber die gro\u00dfe Freude am Musizieren zu sp\u00fcren und damit die Menschen ber\u00fchren, das ist ein Wunsch und Bed\u00fcrfnis dieser Formation.<\/p>\n<p>Wer ein paar Liedproben nachh\u00f6ren will: <a href=\"http:\/\/www.hanneskasehs.eu\/\">www.hanneskasehs.eu<\/a><\/p>\n<p>Leider wieder nur sehr wenige Besucher, und davon waren die Steinabr\u00fcckler eine verschwindende Minderheit.<\/p>\n<p>&nbsp;<\/p>\n<p>&nbsp;<\/p>\n<p>&nbsp;<\/p>\n<p><strong>20. September 2014:<\/strong><\/p>\n<p><strong>Auftritt &#8222;Der Entspannten&#8220; Steinabr\u00fcckl!<\/strong><\/p>\n<p>Die Akustik-Band lud zu einem Abend voller hintergr\u00fcndiger Lieder mit ironischem Unterton \u00fcber menschliche Schw\u00e4chen und wichtige Themen wie Cellulite, Berufsleiden, Rumpfdrehbeugen&#8230; \u2013 in lockeren Arrangements ohne viel Firlefanz \u2013 entspannt eben&#8230;<\/p>\n<p><a href=\"http:\/\/www.dieentspannten.at\/\">www.dieentspannten.at<\/a><\/p>\n<p>Leider haben nur sehr wenige Besucher das Konzert genossen (unter 30 Personen), davon nur ein sehr geringer Teil aus unserem Ort.<\/p>\n<p>&nbsp;<\/p>\n<p><strong>21. Juni 2014:<\/strong><\/p>\n<p>Unsere traditionelle Sonnwendfeier in Steinabr\u00fcckl war ein voller Erfolg!<\/p>\n<p>Auch heuer veranstaltete der Versch\u00f6nerungsverein Steinabr\u00fcckl-Heideansiedlung wieder die traditionelle Sonnwendfeier im Haltergraben. Der neue Vorstand hat ein abwechslungsreiches Programm gestaltet, das die ca. 350 Besucher begeisterte.<\/p>\n<p>Margot Blaschke erz\u00e4hlte \u00fcber die Jahrtausende alte Tradition des Sonnwendfeuers, die schon bei den Kelten gefeiert wurde. &#8222;Feiern zur Sommersonnenwende haben sehr alte Wurzeln. Die Menschen damals wiesen den Wendepunkten eines Jahres gro\u00dfe Bedeutung zu. Vor allem Kelten, Slawen und Germanen pflegten Br\u00e4uche und Rituale (z.B.: Sonnwendg\u00fcrtel aus Beifu\u00df tragen und am Abend ins Feuer werfen) zur Sonnenwende und Tag- und Nachtgleiche. Diese sollten gute Ernten bringen, b\u00f6se Geister vertreiben und die G\u00f6tter gn\u00e4dig stimmen. Das Abbrennen von Feuer, in dem man Altes symbolisch verbrannte und dem Feuer auch W\u00fcnsche \u00fcbergab, spielte eine wichtige Rolle. Deshalb versammelten sich, so wie wir das heute noch tun, Dorf- und Stammesgemeinschaften um gemeinsam ein Fest zu erleben und Rituale zu zelebrieren&#8220;, so Margot Blaschke (Dipl. Bewusstseinstrainerin)<\/p>\n<p>&nbsp;<\/p>\n<p>&nbsp;<\/p>\n<p>In Anlehnung an dieses Brauchtum wurde in einer Feuerschale&nbsp;Beifu\u00df ger\u00e4uchert und bei einem kleinen Ritual konnten die Besucher&nbsp;alles was sie loswerden wollten, auf einen Zettel schreiben und verbrennen. Ein weiterer &nbsp;H\u00f6hepunkt des Abends war eine Feuershow von den &#8222;Daidalos&#8220;, die vor allem die Kinder sehr begeisterte. Gleich danach wurde das Sonnwendfeuer entz\u00fcndet. Der Obmann Walter Popp bedankt sich im Namen des gesamten Vereinsvorstandes bei den&nbsp;flei\u00dfigen Helfern und den G\u00e4sten f\u00fcr die gelungene Veranstaltung.<\/p>\n<p>&nbsp;<\/p>\n<p>&nbsp;<\/p>\n<p><strong>1.J\u00e4nner 2014<\/strong><\/p>\n<p>Neujahrskonzert 2014<\/p>\n<\/div>\n<\/div>\n<\/div>\n<\/div>\n<\/div>\n<\/div>\n<div id=\"container_base\" class=\"j51contain\">\n<div class=\"wrapper960\">\n<div id=\"base\" class=\"block_holder\">\n<div id=\"copyright\" class=\"module_margin\">\n<div class=\"block_holder_margin\">\n<p>(c) 2016 Versch\u00f6nerungsverein Steinabr\u00fcckl-Heideansiedlung<\/p>\n<\/div>\n<\/div>\n<\/div>\n<\/div>\n<\/div>\n<\/div>\n<div id=\"subMenusContainer\">&nbsp;<\/div>\n","protected":false},"excerpt":{"rendered":"<p>06.Oktober 2016: Der VV spendete vor kurzem dem Kindergarten Hauptstra\u00dfe in Steinabr\u00fcckl ein Hochbeet. Die Kinder haben kurz darauf mit der Bepflanzung begonnen. Wir m\u00f6chten hier auf Facebook keine Fotos von Minderj\u00e4hrigen ver\u00f6ffentlichen, stellvertretend f\u00fcr alle kleinen Hobbyg\u00e4rtner haben sich Brigitta Schuster, Kindergartenleiterin und Sabine Rodler, Kindergartenp\u00e4dagogin f\u00fcrs Bild zur Verf\u00fcgung gestellt. &nbsp; 01. J\u00e4nner [&hellip;]<\/p>\n","protected":false},"author":1,"featured_media":0,"parent":0,"menu_order":0,"comment_status":"closed","ping_status":"closed","template":"","meta":{"ngg_post_thumbnail":0},"yoast_head":"<!-- This site is optimized with the Yoast SEO plugin v20.2.1 - https:\/\/yoast.com\/wordpress\/plugins\/seo\/ -->\n<title>R\u00fcckblick - Versch\u00f6nerungsverein<\/title>\n<meta name=\"robots\" content=\"index, follow, max-snippet:-1, max-image-preview:large, max-video-preview:-1\" \/>\n<link rel=\"canonical\" href=\"https:\/\/vv2751.at\/index.php\/rueckblick\/\" \/>\n<meta property=\"og:locale\" content=\"de_DE\" \/>\n<meta property=\"og:type\" content=\"article\" \/>\n<meta property=\"og:title\" content=\"R\u00fcckblick - Versch\u00f6nerungsverein\" \/>\n<meta property=\"og:description\" content=\"06.Oktober 2016: Der VV spendete vor kurzem dem Kindergarten Hauptstra\u00dfe in Steinabr\u00fcckl ein Hochbeet. Die Kinder haben kurz darauf mit der Bepflanzung begonnen. Wir m\u00f6chten hier auf Facebook keine Fotos von Minderj\u00e4hrigen ver\u00f6ffentlichen, stellvertretend f\u00fcr alle kleinen Hobbyg\u00e4rtner haben sich Brigitta Schuster, Kindergartenleiterin und Sabine Rodler, Kindergartenp\u00e4dagogin f\u00fcrs Bild zur Verf\u00fcgung gestellt. &nbsp; 01. J\u00e4nner [&hellip;]\" \/>\n<meta property=\"og:url\" content=\"https:\/\/vv2751.at\/index.php\/rueckblick\/\" \/>\n<meta property=\"og:site_name\" content=\"Versch\u00f6nerungsverein\" \/>\n<meta property=\"article:publisher\" content=\"https:\/\/www.facebook.com\/search\/top?q=verschnerungsvereinsteinabrcklheideansiedlung\" \/>\n<meta property=\"article:modified_time\" content=\"2018-02-23T17:18:24+00:00\" \/>\n<meta property=\"og:image\" content=\"http:\/\/vv2751.at\/wp-content\/uploads\/2016\/10\/14502756_317865791925268_5025769036448741111_n-300x169.jpg\" \/>\n<meta name=\"twitter:card\" content=\"summary_large_image\" \/>\n<meta name=\"twitter:label1\" content=\"Gesch\u00e4tzte Lesezeit\" \/>\n\t<meta name=\"twitter:data1\" content=\"4 Minuten\" \/>\n<script type=\"application\/ld+json\" class=\"yoast-schema-graph\">{\"@context\":\"https:\/\/schema.org\",\"@graph\":[{\"@type\":\"WebPage\",\"@id\":\"https:\/\/vv2751.at\/index.php\/rueckblick\/\",\"url\":\"https:\/\/vv2751.at\/index.php\/rueckblick\/\",\"name\":\"R\u00fcckblick - Versch\u00f6nerungsverein\",\"isPartOf\":{\"@id\":\"https:\/\/vv2751.at\/#website\"},\"datePublished\":\"2018-02-23T17:14:28+00:00\",\"dateModified\":\"2018-02-23T17:18:24+00:00\",\"breadcrumb\":{\"@id\":\"https:\/\/vv2751.at\/index.php\/rueckblick\/#breadcrumb\"},\"inLanguage\":\"de-DE\",\"potentialAction\":[{\"@type\":\"ReadAction\",\"target\":[\"https:\/\/vv2751.at\/index.php\/rueckblick\/\"]}]},{\"@type\":\"BreadcrumbList\",\"@id\":\"https:\/\/vv2751.at\/index.php\/rueckblick\/#breadcrumb\",\"itemListElement\":[{\"@type\":\"ListItem\",\"position\":1,\"name\":\"Startseite\",\"item\":\"https:\/\/vv2751.at\/\"},{\"@type\":\"ListItem\",\"position\":2,\"name\":\"R\u00fcckblick\"}]},{\"@type\":\"WebSite\",\"@id\":\"https:\/\/vv2751.at\/#website\",\"url\":\"https:\/\/vv2751.at\/\",\"name\":\"Versch\u00f6nerungsverein\",\"description\":\"Steinabr\u00fcckl \/ Heideansiedlung\",\"publisher\":{\"@id\":\"https:\/\/vv2751.at\/#organization\"},\"potentialAction\":[{\"@type\":\"SearchAction\",\"target\":{\"@type\":\"EntryPoint\",\"urlTemplate\":\"https:\/\/vv2751.at\/?s={search_term_string}\"},\"query-input\":\"required name=search_term_string\"}],\"inLanguage\":\"de-DE\"},{\"@type\":\"Organization\",\"@id\":\"https:\/\/vv2751.at\/#organization\",\"name\":\"Versch\u00f6nerungsverein\",\"url\":\"https:\/\/vv2751.at\/\",\"logo\":{\"@type\":\"ImageObject\",\"inLanguage\":\"de-DE\",\"@id\":\"https:\/\/vv2751.at\/#\/schema\/logo\/image\/\",\"url\":\"https:\/\/vv2751.at\/wp-content\/uploads\/2018\/04\/logo2.png\",\"contentUrl\":\"https:\/\/vv2751.at\/wp-content\/uploads\/2018\/04\/logo2.png\",\"width\":377,\"height\":377,\"caption\":\"Versch\u00f6nerungsverein\"},\"image\":{\"@id\":\"https:\/\/vv2751.at\/#\/schema\/logo\/image\/\"},\"sameAs\":[\"https:\/\/www.facebook.com\/search\/top?q=verschnerungsvereinsteinabrcklheideansiedlung\"]}]}<\/script>\n<!-- \/ Yoast SEO plugin. -->","yoast_head_json":{"title":"R\u00fcckblick - Versch\u00f6nerungsverein","robots":{"index":"index","follow":"follow","max-snippet":"max-snippet:-1","max-image-preview":"max-image-preview:large","max-video-preview":"max-video-preview:-1"},"canonical":"https:\/\/vv2751.at\/index.php\/rueckblick\/","og_locale":"de_DE","og_type":"article","og_title":"R\u00fcckblick - Versch\u00f6nerungsverein","og_description":"06.Oktober 2016: Der VV spendete vor kurzem dem Kindergarten Hauptstra\u00dfe in Steinabr\u00fcckl ein Hochbeet. Die Kinder haben kurz darauf mit der Bepflanzung begonnen. Wir m\u00f6chten hier auf Facebook keine Fotos von Minderj\u00e4hrigen ver\u00f6ffentlichen, stellvertretend f\u00fcr alle kleinen Hobbyg\u00e4rtner haben sich Brigitta Schuster, Kindergartenleiterin und Sabine Rodler, Kindergartenp\u00e4dagogin f\u00fcrs Bild zur Verf\u00fcgung gestellt. &nbsp; 01. J\u00e4nner [&hellip;]","og_url":"https:\/\/vv2751.at\/index.php\/rueckblick\/","og_site_name":"Versch\u00f6nerungsverein","article_publisher":"https:\/\/www.facebook.com\/search\/top?q=verschnerungsvereinsteinabrcklheideansiedlung","article_modified_time":"2018-02-23T17:18:24+00:00","og_image":[{"url":"http:\/\/vv2751.at\/wp-content\/uploads\/2016\/10\/14502756_317865791925268_5025769036448741111_n-300x169.jpg"}],"twitter_card":"summary_large_image","twitter_misc":{"Gesch\u00e4tzte Lesezeit":"4 Minuten"},"schema":{"@context":"https:\/\/schema.org","@graph":[{"@type":"WebPage","@id":"https:\/\/vv2751.at\/index.php\/rueckblick\/","url":"https:\/\/vv2751.at\/index.php\/rueckblick\/","name":"R\u00fcckblick - Versch\u00f6nerungsverein","isPartOf":{"@id":"https:\/\/vv2751.at\/#website"},"datePublished":"2018-02-23T17:14:28+00:00","dateModified":"2018-02-23T17:18:24+00:00","breadcrumb":{"@id":"https:\/\/vv2751.at\/index.php\/rueckblick\/#breadcrumb"},"inLanguage":"de-DE","potentialAction":[{"@type":"ReadAction","target":["https:\/\/vv2751.at\/index.php\/rueckblick\/"]}]},{"@type":"BreadcrumbList","@id":"https:\/\/vv2751.at\/index.php\/rueckblick\/#breadcrumb","itemListElement":[{"@type":"ListItem","position":1,"name":"Startseite","item":"https:\/\/vv2751.at\/"},{"@type":"ListItem","position":2,"name":"R\u00fcckblick"}]},{"@type":"WebSite","@id":"https:\/\/vv2751.at\/#website","url":"https:\/\/vv2751.at\/","name":"Versch\u00f6nerungsverein","description":"Steinabr\u00fcckl \/ Heideansiedlung","publisher":{"@id":"https:\/\/vv2751.at\/#organization"},"potentialAction":[{"@type":"SearchAction","target":{"@type":"EntryPoint","urlTemplate":"https:\/\/vv2751.at\/?s={search_term_string}"},"query-input":"required name=search_term_string"}],"inLanguage":"de-DE"},{"@type":"Organization","@id":"https:\/\/vv2751.at\/#organization","name":"Versch\u00f6nerungsverein","url":"https:\/\/vv2751.at\/","logo":{"@type":"ImageObject","inLanguage":"de-DE","@id":"https:\/\/vv2751.at\/#\/schema\/logo\/image\/","url":"https:\/\/vv2751.at\/wp-content\/uploads\/2018\/04\/logo2.png","contentUrl":"https:\/\/vv2751.at\/wp-content\/uploads\/2018\/04\/logo2.png","width":377,"height":377,"caption":"Versch\u00f6nerungsverein"},"image":{"@id":"https:\/\/vv2751.at\/#\/schema\/logo\/image\/"},"sameAs":["https:\/\/www.facebook.com\/search\/top?q=verschnerungsvereinsteinabrcklheideansiedlung"]}]}},"post_mailing_queue_ids":[],"_links":{"self":[{"href":"https:\/\/vv2751.at\/index.php\/wp-json\/wp\/v2\/pages\/725"}],"collection":[{"href":"https:\/\/vv2751.at\/index.php\/wp-json\/wp\/v2\/pages"}],"about":[{"href":"https:\/\/vv2751.at\/index.php\/wp-json\/wp\/v2\/types\/page"}],"author":[{"embeddable":true,"href":"https:\/\/vv2751.at\/index.php\/wp-json\/wp\/v2\/users\/1"}],"replies":[{"embeddable":true,"href":"https:\/\/vv2751.at\/index.php\/wp-json\/wp\/v2\/comments?post=725"}],"version-history":[{"count":4,"href":"https:\/\/vv2751.at\/index.php\/wp-json\/wp\/v2\/pages\/725\/revisions"}],"predecessor-version":[{"id":730,"href":"https:\/\/vv2751.at\/index.php\/wp-json\/wp\/v2\/pages\/725\/revisions\/730"}],"wp:attachment":[{"href":"https:\/\/vv2751.at\/index.php\/wp-json\/wp\/v2\/media?parent=725"}],"curies":[{"name":"wp","href":"https:\/\/api.w.org\/{rel}","templated":true}]}}