{"id":978,"date":"2018-05-13T15:01:46","date_gmt":"2018-05-13T13:01:46","guid":{"rendered":"http:\/\/vv2751.at\/?page_id=978"},"modified":"2022-12-16T18:23:44","modified_gmt":"2022-12-16T17:23:44","slug":"datenschutzerklaerung","status":"publish","type":"page","link":"https:\/\/vv2751.at\/index.php\/datenschutzerklaerung\/","title":{"rendered":"Datenschutzerkl\u00e4rung"},"content":{"rendered":"<h1><strong>Geltungsbereich<\/strong><\/h1>\n<p>Diese Datenschutzerkl\u00e4rung kl\u00e4rt Mitglieder (Versch\u00f6nerungsverein Steinabr\u00fcckl\/Heideansiedlung, nachfolgend VV genannt)&nbsp; und Nutzer der Webseite www.2751.at \u00fcber die Art, den Umfang und Zweck der Erhebung, Speicherung und Verarbeitung personenbezogener Daten durch den VV auf. Die rechtlichen Grundlagen des Datenschutzes finden sich im \u00d6sterreichischen Telekommunikationsgesetz (TKG), Datenschutzgesetz, sowie der Datenschutzgrundverordnung (DSGVO).<\/p>\n<h2><strong>Speicherung und Verarbeitung von Daten<\/strong><\/h2>\n<p>Vom VV werden lediglich die Daten von Mitgliedern gespeichert und verarbeitet, welche f\u00fcr die Erf\u00fcllung der Aufgaben gem\u00e4\u00df Vereinsgesetz und Vereinsstatuten erforderlich sind. Dies sind:<\/p>\n<p><strong>Mitgliederverzeichnis mit folgenden Daten soweit vorhanden<\/strong>: Anrede, Vorname, Nachname, Adresse, Telefonnummer, E-Mail, Zustimmung zur vereinsinternen Speicherung und Verarbeitung der personenbezogenen Daten, Zustimmung Newsletter, Datum (=Eintrittsdatum), Kommentarfeld: zur Dokumentation Austritt und Austrittsdatum)<\/p>\n<p><strong>Mitgliedsbeitragsliste mit folgenden Daten<\/strong>: Vorname, Nachname, Adresse, Mitgliedsbeitrag \/ Spende, Bar \/ Konto, Datum<\/p>\n<p><strong>Kassabuch mit folgenden Daten:<\/strong> Datum, Belegnummer (falls vorhanden), Kategorie \/ Gesch\u00e4ftsfall \/ Zweck, Name und Anschrift Vertragspartner (z.B. Lieferant), Einzahlungsbetrag, Auszahlungsbetrag<\/p>\n<h2>&nbsp;<strong>Weitergabe von Daten an Dritte<\/strong><\/h2>\n<p>Der VV gibt keine personenbezogenen Daten der Mitglieder an Dritte f\u00fcr Werbezwecke weiter.<\/p>\n<h2><strong>Webseite www.vv2751.at bzw. vv2751.at<\/strong><\/h2>\n<p>Der VV betreibt die Webseite um \u00fcber die T\u00e4tigkeiten des Vereines und Veranstaltungen zu informieren. Der Aufruf der Webseite (https:) ist mit einem &nbsp;Zertifikat verschl\u00fcsselt.<\/p>\n<p><strong>Zugriffsdaten\/ Server-Logfiles<\/strong><\/p>\n<p>Der VV (beziehungsweise sein Webspace-Provider) erhebt Daten \u00fcber jeden Zugriff auf diese Webseite (so genannte Serverlogfiles). Zu den Zugriffsdaten geh\u00f6ren:<\/p>\n<p>Name der abgerufenen Webseite, Datei, Datum und Uhrzeit des Abrufs, \u00fcbertragene Datenmenge, Meldung \u00fcber erfolgreichen Abruf, Browsertyp nebst Version, das Betriebssystem des Nutzers, Referrer URL (die zuvor besuchte Seite), IP-Adresse und der anfragende Provider.<\/p>\n<p>Der VV verwendet die Protokolldaten nur f\u00fcr statistische Auswertungen zum Zweck des Betriebs, der Sicherheit und der Optimierung des Angebotes. Der VVr beh\u00e4lt sich jedoch vor, die Protokolldaten nachtr\u00e4glich zu \u00fcberpr\u00fcfen, wenn aufgrund konkreter Anhaltspunkte der berechtigte Verdacht einer rechtswidrigen Nutzung besteht.<\/p>\n<p><strong>Kontaktaufnahme<\/strong><\/p>\n<p>Bei der Kontaktaufnahme mit dem VV (zum Beispiel per Kontaktformular oder E-Mail) werden die Angaben des Nutzers zwecks Bearbeitung der Anfrage sowie f\u00fcr den Fall, dass Anschlussfragen entstehen, gespeichert.<\/p>\n<p><strong>Newsletter<\/strong><\/p>\n<p>Mit dem Newsletter informiert der VV \u00fcber T\u00e4tigkeiten, Veranstaltungen und Neuigkeiten.<\/p>\n<p>Wenn Sie den Newsletter empfangen m\u00f6chten, ben\u00f6tigt der VV vom Abonnenten eine g\u00fcltige Email-Adresse sowie Informationen, welche die \u00dcberpr\u00fcfung gestatten, dass der Abonnent der Inhaber der angegebenen Email-Adresse ist bzw. deren Inhaber mit dem Empfang des Newsletters einverstanden ist. Weitere Daten werden nicht erhoben. Diese Daten werden nur f\u00fcr den Versand der Newsletter verwendet und werden nicht an Dritte weiter gegeben.<\/p>\n<p>Mit der Anmeldung zum Newsletter (per Formular mit Ihrer Unterschrift) oder Link auf der Webseite stimmt der Abonnent der Verarbeitung seiner Daten zu Zwecken des Marketings und Information durch den VV zu. Dabei speichert der VV die IP-Adresse und das Datum der Anmeldung. Diese Speicherung dient alleine dem Nachweis im Fall, dass ein Dritter eine Emailadresse missbraucht und sich ohne Wissen des Berechtigten f\u00fcr den Newsletter Empfang anmeldet.<\/p>\n<p>Der Abonnent kann die Einwilligung zur Speicherung seiner Daten, der Email-Adresse sowie deren Nutzung zum Versand des Newsletters jederzeit mttels eMail an 2751at@gmail.com widerrufen.<\/p>\n<p><strong>Einbindung von Diensten und Inhalten Dritter<\/strong><\/p>\n<p>Es kann vorkommen, dass innerhalb dieser Webseite Inhalte Dritter, wie zum Beispiel Videos von YouTube, Kartenmaterial von Google-Maps, RSS-Feeds oder Grafiken von anderen Webseiten eingebunden werden. Dies setzt immer voraus, dass die Anbieter dieser Inhalte (nachfolgend bezeichnet als &#8222;Dritt-Anbieter&#8220;) die IP-Adresse der Nutzer \u00fcbermittelt bekommen. Denn ohne die IP-Adresse, k\u00f6nnten sie die Inhalte nicht an den Browser des jeweiligen Nutzers senden. Die IP-Adresse ist damit f\u00fcr die Darstellung dieser Inhalte erforderlich. Der VV ist bem\u00fcht nur solche Inhalte zu verwenden, deren jeweilige Anbieter die IP-Adresse lediglich zur Auslieferung der Inhalte verwenden. Jedoch hat der VV keinen Einfluss darauf, falls die Dritt-Anbieter die IP-Adresse z.B. f\u00fcr statistische Zwecke speichern. Soweit dies uns bekannt ist, kl\u00e4ren wir die Nutzer dar\u00fcber auf.<\/p>\n<p><strong>Cookies<\/strong><\/p>\n<p>Cookies sind kleine Dateien, die es erm\u00f6glichen, auf dem Zugriffsger\u00e4t der Nutzer (PC, Smartphone o.\u00e4.) spezifische, auf das Ger\u00e4t bezogene Informationen zu speichern. Sie dienen zum einem der Benutzerfreundlichkeit von Webseiten und damit den Nutzern (z.B. Speicherung von Logindaten). Zum anderen dienen sie, um statistische Daten der Webseitennutzung zu erfassen und sie zwecks Verbesserung des Angebotes analysieren zu k\u00f6nnen. Die Nutzer k\u00f6nnen auf den Einsatz der Cookies Einfluss nehmen. Die meisten Browser verf\u00fcgen \u00fcber eine Option mit der das Speichern von Cookies eingeschr\u00e4nkt oder komplett verhindert wird. Allerdings wird darauf hingewiesen, dass die Nutzung und insbesondere der Nutzungskomfort ohne Cookies eingeschr\u00e4nkt werden.<\/p>\n<p>&nbsp;<\/p>\n<p>Datenschutzerkl\u00e4rung als PDF downloaden:&nbsp;<a href=\"http:\/\/vv2751.at\/wp-content\/uploads\/2018\/05\/Datenschutzerkl\u00e4rung_VVSteinabr\u00fcckl-Heideansiedlung_1-1.pdf\">Datenschutzerkl\u00e4rung_VVSteinabr\u00fcckl-Heideansiedlung<\/a><\/p>\n","protected":false},"excerpt":{"rendered":"<p>Geltungsbereich Diese Datenschutzerkl\u00e4rung kl\u00e4rt Mitglieder (Versch\u00f6nerungsverein Steinabr\u00fcckl\/Heideansiedlung, nachfolgend VV genannt)&nbsp; und Nutzer der Webseite www.2751.at \u00fcber die Art, den Umfang und Zweck der Erhebung, Speicherung und Verarbeitung personenbezogener Daten durch den VV auf. Die rechtlichen Grundlagen des Datenschutzes finden sich im \u00d6sterreichischen Telekommunikationsgesetz (TKG), Datenschutzgesetz, sowie der Datenschutzgrundverordnung (DSGVO). Speicherung und Verarbeitung von Daten Vom [&hellip;]<\/p>\n","protected":false},"author":1,"featured_media":0,"parent":0,"menu_order":0,"comment_status":"closed","ping_status":"closed","template":"","meta":{"ngg_post_thumbnail":0},"yoast_head":"<!-- This site is optimized with the Yoast SEO plugin v20.2.1 - https:\/\/yoast.com\/wordpress\/plugins\/seo\/ -->\n<title>Datenschutzerkl\u00e4rung - Versch\u00f6nerungsverein<\/title>\n<meta name=\"robots\" content=\"index, follow, max-snippet:-1, max-image-preview:large, max-video-preview:-1\" \/>\n<link rel=\"canonical\" href=\"https:\/\/vv2751.at\/index.php\/datenschutzerklaerung\/\" \/>\n<meta property=\"og:locale\" content=\"de_DE\" \/>\n<meta property=\"og:type\" content=\"article\" \/>\n<meta property=\"og:title\" content=\"Datenschutzerkl\u00e4rung - Versch\u00f6nerungsverein\" \/>\n<meta property=\"og:description\" content=\"Geltungsbereich Diese Datenschutzerkl\u00e4rung kl\u00e4rt Mitglieder (Versch\u00f6nerungsverein Steinabr\u00fcckl\/Heideansiedlung, nachfolgend VV genannt)&nbsp; und Nutzer der Webseite www.2751.at \u00fcber die Art, den Umfang und Zweck der Erhebung, Speicherung und Verarbeitung personenbezogener Daten durch den VV auf. Die rechtlichen Grundlagen des Datenschutzes finden sich im \u00d6sterreichischen Telekommunikationsgesetz (TKG), Datenschutzgesetz, sowie der Datenschutzgrundverordnung (DSGVO). Speicherung und Verarbeitung von Daten Vom [&hellip;]\" \/>\n<meta property=\"og:url\" content=\"https:\/\/vv2751.at\/index.php\/datenschutzerklaerung\/\" \/>\n<meta property=\"og:site_name\" content=\"Versch\u00f6nerungsverein\" \/>\n<meta property=\"article:publisher\" content=\"https:\/\/www.facebook.com\/search\/top?q=verschnerungsvereinsteinabrcklheideansiedlung\" \/>\n<meta property=\"article:modified_time\" content=\"2022-12-16T17:23:44+00:00\" \/>\n<meta name=\"twitter:card\" content=\"summary_large_image\" \/>\n<meta name=\"twitter:label1\" content=\"Gesch\u00e4tzte Lesezeit\" \/>\n\t<meta name=\"twitter:data1\" content=\"5 Minuten\" \/>\n<script type=\"application\/ld+json\" class=\"yoast-schema-graph\">{\"@context\":\"https:\/\/schema.org\",\"@graph\":[{\"@type\":\"WebPage\",\"@id\":\"https:\/\/vv2751.at\/index.php\/datenschutzerklaerung\/\",\"url\":\"https:\/\/vv2751.at\/index.php\/datenschutzerklaerung\/\",\"name\":\"Datenschutzerkl\u00e4rung - Versch\u00f6nerungsverein\",\"isPartOf\":{\"@id\":\"https:\/\/vv2751.at\/#website\"},\"datePublished\":\"2018-05-13T13:01:46+00:00\",\"dateModified\":\"2022-12-16T17:23:44+00:00\",\"breadcrumb\":{\"@id\":\"https:\/\/vv2751.at\/index.php\/datenschutzerklaerung\/#breadcrumb\"},\"inLanguage\":\"de-DE\",\"potentialAction\":[{\"@type\":\"ReadAction\",\"target\":[\"https:\/\/vv2751.at\/index.php\/datenschutzerklaerung\/\"]}]},{\"@type\":\"BreadcrumbList\",\"@id\":\"https:\/\/vv2751.at\/index.php\/datenschutzerklaerung\/#breadcrumb\",\"itemListElement\":[{\"@type\":\"ListItem\",\"position\":1,\"name\":\"Startseite\",\"item\":\"https:\/\/vv2751.at\/\"},{\"@type\":\"ListItem\",\"position\":2,\"name\":\"Datenschutzerkl\u00e4rung\"}]},{\"@type\":\"WebSite\",\"@id\":\"https:\/\/vv2751.at\/#website\",\"url\":\"https:\/\/vv2751.at\/\",\"name\":\"Versch\u00f6nerungsverein\",\"description\":\"Steinabr\u00fcckl \/ Heideansiedlung\",\"publisher\":{\"@id\":\"https:\/\/vv2751.at\/#organization\"},\"potentialAction\":[{\"@type\":\"SearchAction\",\"target\":{\"@type\":\"EntryPoint\",\"urlTemplate\":\"https:\/\/vv2751.at\/?s={search_term_string}\"},\"query-input\":\"required name=search_term_string\"}],\"inLanguage\":\"de-DE\"},{\"@type\":\"Organization\",\"@id\":\"https:\/\/vv2751.at\/#organization\",\"name\":\"Versch\u00f6nerungsverein\",\"url\":\"https:\/\/vv2751.at\/\",\"logo\":{\"@type\":\"ImageObject\",\"inLanguage\":\"de-DE\",\"@id\":\"https:\/\/vv2751.at\/#\/schema\/logo\/image\/\",\"url\":\"https:\/\/vv2751.at\/wp-content\/uploads\/2018\/04\/logo2.png\",\"contentUrl\":\"https:\/\/vv2751.at\/wp-content\/uploads\/2018\/04\/logo2.png\",\"width\":377,\"height\":377,\"caption\":\"Versch\u00f6nerungsverein\"},\"image\":{\"@id\":\"https:\/\/vv2751.at\/#\/schema\/logo\/image\/\"},\"sameAs\":[\"https:\/\/www.facebook.com\/search\/top?q=verschnerungsvereinsteinabrcklheideansiedlung\"]}]}<\/script>\n<!-- \/ Yoast SEO plugin. -->","yoast_head_json":{"title":"Datenschutzerkl\u00e4rung - Versch\u00f6nerungsverein","robots":{"index":"index","follow":"follow","max-snippet":"max-snippet:-1","max-image-preview":"max-image-preview:large","max-video-preview":"max-video-preview:-1"},"canonical":"https:\/\/vv2751.at\/index.php\/datenschutzerklaerung\/","og_locale":"de_DE","og_type":"article","og_title":"Datenschutzerkl\u00e4rung - Versch\u00f6nerungsverein","og_description":"Geltungsbereich Diese Datenschutzerkl\u00e4rung kl\u00e4rt Mitglieder (Versch\u00f6nerungsverein Steinabr\u00fcckl\/Heideansiedlung, nachfolgend VV genannt)&nbsp; und Nutzer der Webseite www.2751.at \u00fcber die Art, den Umfang und Zweck der Erhebung, Speicherung und Verarbeitung personenbezogener Daten durch den VV auf. Die rechtlichen Grundlagen des Datenschutzes finden sich im \u00d6sterreichischen Telekommunikationsgesetz (TKG), Datenschutzgesetz, sowie der Datenschutzgrundverordnung (DSGVO). Speicherung und Verarbeitung von Daten Vom [&hellip;]","og_url":"https:\/\/vv2751.at\/index.php\/datenschutzerklaerung\/","og_site_name":"Versch\u00f6nerungsverein","article_publisher":"https:\/\/www.facebook.com\/search\/top?q=verschnerungsvereinsteinabrcklheideansiedlung","article_modified_time":"2022-12-16T17:23:44+00:00","twitter_card":"summary_large_image","twitter_misc":{"Gesch\u00e4tzte Lesezeit":"5 Minuten"},"schema":{"@context":"https:\/\/schema.org","@graph":[{"@type":"WebPage","@id":"https:\/\/vv2751.at\/index.php\/datenschutzerklaerung\/","url":"https:\/\/vv2751.at\/index.php\/datenschutzerklaerung\/","name":"Datenschutzerkl\u00e4rung - Versch\u00f6nerungsverein","isPartOf":{"@id":"https:\/\/vv2751.at\/#website"},"datePublished":"2018-05-13T13:01:46+00:00","dateModified":"2022-12-16T17:23:44+00:00","breadcrumb":{"@id":"https:\/\/vv2751.at\/index.php\/datenschutzerklaerung\/#breadcrumb"},"inLanguage":"de-DE","potentialAction":[{"@type":"ReadAction","target":["https:\/\/vv2751.at\/index.php\/datenschutzerklaerung\/"]}]},{"@type":"BreadcrumbList","@id":"https:\/\/vv2751.at\/index.php\/datenschutzerklaerung\/#breadcrumb","itemListElement":[{"@type":"ListItem","position":1,"name":"Startseite","item":"https:\/\/vv2751.at\/"},{"@type":"ListItem","position":2,"name":"Datenschutzerkl\u00e4rung"}]},{"@type":"WebSite","@id":"https:\/\/vv2751.at\/#website","url":"https:\/\/vv2751.at\/","name":"Versch\u00f6nerungsverein","description":"Steinabr\u00fcckl \/ Heideansiedlung","publisher":{"@id":"https:\/\/vv2751.at\/#organization"},"potentialAction":[{"@type":"SearchAction","target":{"@type":"EntryPoint","urlTemplate":"https:\/\/vv2751.at\/?s={search_term_string}"},"query-input":"required name=search_term_string"}],"inLanguage":"de-DE"},{"@type":"Organization","@id":"https:\/\/vv2751.at\/#organization","name":"Versch\u00f6nerungsverein","url":"https:\/\/vv2751.at\/","logo":{"@type":"ImageObject","inLanguage":"de-DE","@id":"https:\/\/vv2751.at\/#\/schema\/logo\/image\/","url":"https:\/\/vv2751.at\/wp-content\/uploads\/2018\/04\/logo2.png","contentUrl":"https:\/\/vv2751.at\/wp-content\/uploads\/2018\/04\/logo2.png","width":377,"height":377,"caption":"Versch\u00f6nerungsverein"},"image":{"@id":"https:\/\/vv2751.at\/#\/schema\/logo\/image\/"},"sameAs":["https:\/\/www.facebook.com\/search\/top?q=verschnerungsvereinsteinabrcklheideansiedlung"]}]}},"post_mailing_queue_ids":[],"_links":{"self":[{"href":"https:\/\/vv2751.at\/index.php\/wp-json\/wp\/v2\/pages\/978"}],"collection":[{"href":"https:\/\/vv2751.at\/index.php\/wp-json\/wp\/v2\/pages"}],"about":[{"href":"https:\/\/vv2751.at\/index.php\/wp-json\/wp\/v2\/types\/page"}],"author":[{"embeddable":true,"href":"https:\/\/vv2751.at\/index.php\/wp-json\/wp\/v2\/users\/1"}],"replies":[{"embeddable":true,"href":"https:\/\/vv2751.at\/index.php\/wp-json\/wp\/v2\/comments?post=978"}],"version-history":[{"count":10,"href":"https:\/\/vv2751.at\/index.php\/wp-json\/wp\/v2\/pages\/978\/revisions"}],"predecessor-version":[{"id":1621,"href":"https:\/\/vv2751.at\/index.php\/wp-json\/wp\/v2\/pages\/978\/revisions\/1621"}],"wp:attachment":[{"href":"https:\/\/vv2751.at\/index.php\/wp-json\/wp\/v2\/media?parent=978"}],"curies":[{"name":"wp","href":"https:\/\/api.w.org\/{rel}","templated":true}]}}